{"id":535,"date":"2026-02-26T20:50:33","date_gmt":"2026-02-26T20:50:33","guid":{"rendered":"http:\/\/www.otovadecar.com\/cerez-politikasi\/"},"modified":"2026-05-09T10:51:12","modified_gmt":"2026-05-09T10:51:12","slug":"cookie-policy","status":"publish","type":"page","link":"https:\/\/www.otovadecar.com\/en\/cookie-policy\/","title":{"rendered":"Cookie Policy"},"content":{"rendered":"<h2 data-section-id=\"1m83mzw\" data-start=\"16565\" data-end=\"16595\">Privacy and Cookie Policy<\/h2>\n<h2 data-section-id=\"okzym7\" data-start=\"16596\" data-end=\"16657\">OTOVADE PLUS OTOMOT\u0130V H\u0130ZMETLER\u0130 VE T\u0130CARET ANON\u0130M \u015e\u0130RKET\u0130<\/h2>\n<h3 data-section-id=\"1irgyp7\" data-start=\"16659\" data-end=\"16693\">Website Cookie Disclosure Text<\/h3>\n<p data-start=\"16695\" data-end=\"16725\"><strong data-start=\"16695\" data-end=\"16712\">Last updated:<\/strong> [..\/..\/2026]<\/p>\n<p data-start=\"16727\" data-end=\"17099\">As <strong data-start=\"16730\" data-end=\"16792\">OTOVADE PLUS OTOMOT\u0130V H\u0130ZMETLER\u0130 VE T\u0130CARET ANON\u0130M \u015e\u0130RKET\u0130<\/strong>, operating under the <strong data-start=\"16814\" data-end=\"16826\">OtoVade+<\/strong> brand, we use cookies and similar technologies during your visits to our website in order to improve user experience, ensure the secure and efficient operation of our website, enhance our services, and measure the effectiveness of our advertising and marketing activities.<\/p>\n<p data-start=\"17101\" data-end=\"17359\">This Cookie Disclosure Text has been prepared to inform website visitors, users, and potential customers about the personal data processed through cookies, in accordance with the Turkish Personal Data Protection Law No. 6698 and other applicable legislation.<\/p>\n<hr data-start=\"17361\" data-end=\"17364\" \/>\n<h2 data-section-id=\"far5ta\" data-start=\"17366\" data-end=\"17389\">1. What Are Cookies?<\/h2>\n<p data-start=\"17391\" data-end=\"17508\">Cookies are small text files stored on your computer, mobile phone, tablet, or other device when you visit a website.<\/p>\n<p data-start=\"17510\" data-end=\"17673\">Cookies help the website recognize you, remember your preferences, analyze your use of the website, and provide more relevant content, services, or advertisements.<\/p>\n<hr data-start=\"17675\" data-end=\"17678\" \/>\n<h2 data-section-id=\"1selilp\" data-start=\"17680\" data-end=\"17708\">2. Why Do We Use Cookies?<\/h2>\n<p data-start=\"17710\" data-end=\"17762\">OtoVade+ may use cookies for the following purposes:<\/p>\n<ul data-start=\"17764\" data-end=\"18331\">\n<li data-section-id=\"rwd3f8\" data-start=\"17764\" data-end=\"17830\">To ensure the secure, fast, and proper operation of the website,<\/li>\n<li data-section-id=\"rojg3c\" data-start=\"17831\" data-end=\"17872\">To provide essential website functions,<\/li>\n<li data-section-id=\"nw4bfg\" data-start=\"17873\" data-end=\"17907\">To remember visitor preferences,<\/li>\n<li data-section-id=\"1qyo77u\" data-start=\"17908\" data-end=\"17937\">To improve user experience,<\/li>\n<li data-section-id=\"35ihvf\" data-start=\"17938\" data-end=\"17985\">To analyze website traffic and user behavior,<\/li>\n<li data-section-id=\"er7vdo\" data-start=\"17986\" data-end=\"18053\">To understand which pages and services attract the most interest,<\/li>\n<li data-section-id=\"zmdmu2\" data-start=\"18054\" data-end=\"18105\">To measure advertising and marketing performance,<\/li>\n<li data-section-id=\"1mgo64r\" data-start=\"18106\" data-end=\"18172\">To provide more relevant content, campaigns, and advertisements,<\/li>\n<li data-section-id=\"1nq5weu\" data-start=\"18173\" data-end=\"18268\">To manage potential customer requests, contact forms, and digital inquiries more effectively,<\/li>\n<li data-section-id=\"3ddjzj\" data-start=\"18269\" data-end=\"18331\">To improve OtoVade+ services and plan commercial activities.<\/li>\n<\/ul>\n<hr data-start=\"18333\" data-end=\"18336\" \/>\n<h2 data-section-id=\"1wtulre\" data-start=\"18338\" data-end=\"18365\">3. Types of Cookies Used<\/h2>\n<h3 data-section-id=\"1sekznu\" data-start=\"18367\" data-end=\"18402\">3.1. Strictly Necessary Cookies<\/h3>\n<p data-start=\"18404\" data-end=\"18550\">These cookies are essential for the proper functioning of the website. Without these cookies, some parts of the website may not operate correctly.<\/p>\n<p data-start=\"18552\" data-end=\"18569\">Examples include:<\/p>\n<ul data-start=\"18571\" data-end=\"18710\">\n<li data-section-id=\"ioy3lf\" data-start=\"18571\" data-end=\"18605\">Secure navigation between pages,<\/li>\n<li data-section-id=\"m8ocnr\" data-start=\"18606\" data-end=\"18634\">Proper operation of forms,<\/li>\n<li data-section-id=\"1n8navb\" data-start=\"18635\" data-end=\"18653\">Security checks,<\/li>\n<li data-section-id=\"1nzn62x\" data-start=\"18654\" data-end=\"18675\">Session management,<\/li>\n<li data-section-id=\"14y9g6a\" data-start=\"18676\" data-end=\"18710\">Reliable website infrastructure.<\/li>\n<\/ul>\n<hr data-start=\"18712\" data-end=\"18715\" \/>\n<h3 data-section-id=\"1xmhh2t\" data-start=\"18717\" data-end=\"18759\">3.2. Performance and Analytics Cookies<\/h3>\n<p data-start=\"18761\" data-end=\"18823\">These cookies help us understand how visitors use our website.<\/p>\n<p data-start=\"18825\" data-end=\"18853\">They may be used to analyze:<\/p>\n<ul data-start=\"18855\" data-end=\"19008\">\n<li data-section-id=\"cm9pyp\" data-start=\"18855\" data-end=\"18876\">Number of visitors,<\/li>\n<li data-section-id=\"10nufp0\" data-start=\"18877\" data-end=\"18893\">Pages visited,<\/li>\n<li data-section-id=\"11pktta\" data-start=\"18894\" data-end=\"18922\">Time spent on the website,<\/li>\n<li data-section-id=\"7ov093\" data-start=\"18923\" data-end=\"18941\">Traffic sources,<\/li>\n<li data-section-id=\"warth2\" data-start=\"18942\" data-end=\"18972\">Click and browsing behavior,<\/li>\n<li data-section-id=\"zf35e2\" data-start=\"18973\" data-end=\"19008\">Advertising campaign performance.<\/li>\n<\/ul>\n<p data-start=\"19010\" data-end=\"19101\">For this purpose, tools such as Google Analytics or similar analytics services may be used.<\/p>\n<hr data-start=\"19103\" data-end=\"19106\" \/>\n<h3 data-section-id=\"1g5s9y6\" data-start=\"19108\" data-end=\"19135\">3.3. Functional Cookies<\/h3>\n<p data-start=\"19137\" data-end=\"19224\">Functional cookies help remember your preferences and improve your browsing experience.<\/p>\n<p data-start=\"19226\" data-end=\"19238\">For example:<\/p>\n<ul data-start=\"19240\" data-end=\"19363\">\n<li data-section-id=\"1vqez23\" data-start=\"19240\" data-end=\"19279\">Remembering your language preference,<\/li>\n<li data-section-id=\"3e5o9r\" data-start=\"19280\" data-end=\"19311\">Facilitating form completion,<\/li>\n<li data-section-id=\"9p4dl7\" data-start=\"19312\" data-end=\"19363\">Providing a more personalized website experience.<\/li>\n<\/ul>\n<hr data-start=\"19365\" data-end=\"19368\" \/>\n<h3 data-section-id=\"woi4s3\" data-start=\"19370\" data-end=\"19412\">3.4. Advertising and Marketing Cookies<\/h3>\n<p data-start=\"19414\" data-end=\"19531\">These cookies may be used to provide advertisements, campaigns, and content that are more relevant to your interests.<\/p>\n<p data-start=\"19533\" data-end=\"19560\">The tools used may include:<\/p>\n<ul data-start=\"19562\" data-end=\"19719\">\n<li data-section-id=\"1crfvln\" data-start=\"19562\" data-end=\"19575\">Google Ads,<\/li>\n<li data-section-id=\"de6sza\" data-start=\"19576\" data-end=\"19600\">Meta \/ Facebook Pixel,<\/li>\n<li data-section-id=\"1qrc199\" data-start=\"19601\" data-end=\"19631\">Instagram advertising tools,<\/li>\n<li data-section-id=\"anvy7e\" data-start=\"19632\" data-end=\"19647\">TikTok Pixel,<\/li>\n<li data-section-id=\"1cm7y09\" data-start=\"19648\" data-end=\"19668\">Retargeting tools,<\/li>\n<li data-section-id=\"1xqsbrt\" data-start=\"19669\" data-end=\"19719\">Other digital advertising and analytics systems.<\/li>\n<\/ul>\n<p data-start=\"19721\" data-end=\"19860\">These cookies help display more relevant advertisements, remind users of previously viewed services, and measure advertising effectiveness.<\/p>\n<hr data-start=\"19862\" data-end=\"19865\" \/>\n<h3 data-section-id=\"14k1lqv\" data-start=\"19867\" data-end=\"19895\">3.5. Third-Party Cookies<\/h3>\n<p data-start=\"19897\" data-end=\"19965\">Our website may use cookies placed by third-party service providers.<\/p>\n<p data-start=\"19967\" data-end=\"19999\">These third parties may include:<\/p>\n<ul data-start=\"20001\" data-end=\"20178\">\n<li data-section-id=\"fd7u4t\" data-start=\"20001\" data-end=\"20010\">Google,<\/li>\n<li data-section-id=\"13e1v4l\" data-start=\"20011\" data-end=\"20028\">Meta Platforms,<\/li>\n<li data-section-id=\"17l3xmq\" data-start=\"20029\" data-end=\"20038\">TikTok,<\/li>\n<li data-section-id=\"f8s8nz\" data-start=\"20039\" data-end=\"20062\">Advertising agencies,<\/li>\n<li data-section-id=\"1fvxzz1\" data-start=\"20063\" data-end=\"20093\">Analytics service providers,<\/li>\n<li data-section-id=\"1kqgfdk\" data-start=\"20094\" data-end=\"20147\">CRM and digital marketing infrastructure providers,<\/li>\n<li data-section-id=\"i722pm\" data-start=\"20148\" data-end=\"20178\">Technical service providers.<\/li>\n<\/ul>\n<p data-start=\"20180\" data-end=\"20293\">Third-party cookies may also be subject to the privacy and cookie policies of the relevant third-party providers.<\/p>\n<hr data-start=\"20295\" data-end=\"20298\" \/>\n<h2 data-section-id=\"pks0pd\" data-start=\"20300\" data-end=\"20345\">4. Personal Data Processed Through Cookies<\/h2>\n<p data-start=\"20347\" data-end=\"20408\">The following personal data may be processed through cookies:<\/p>\n<ul data-start=\"20410\" data-end=\"20722\">\n<li data-section-id=\"17eo71n\" data-start=\"20410\" data-end=\"20423\">IP address,<\/li>\n<li data-section-id=\"2auzlc\" data-start=\"20424\" data-end=\"20445\">Device information,<\/li>\n<li data-section-id=\"4gh8bl\" data-start=\"20446\" data-end=\"20473\">Browser type and version,<\/li>\n<li data-section-id=\"n7k09c\" data-start=\"20474\" data-end=\"20505\">Operating system information,<\/li>\n<li data-section-id=\"10nxevq\" data-start=\"20506\" data-end=\"20531\">Date and time of visit,<\/li>\n<li data-section-id=\"1ppw1t4\" data-start=\"20532\" data-end=\"20547\">Pages viewed,<\/li>\n<li data-section-id=\"warth2\" data-start=\"20548\" data-end=\"20578\">Click and browsing behavior,<\/li>\n<li data-section-id=\"12z6f84\" data-start=\"20579\" data-end=\"20596\">Traffic source,<\/li>\n<li data-section-id=\"17fu5xs\" data-start=\"20597\" data-end=\"20626\">Advertisement interactions,<\/li>\n<li data-section-id=\"ea13na\" data-start=\"20627\" data-end=\"20657\">Form submission information,<\/li>\n<li data-section-id=\"176xerh\" data-start=\"20658\" data-end=\"20677\">User preferences,<\/li>\n<li data-section-id=\"7fh6ix\" data-start=\"20678\" data-end=\"20722\">Cookie IDs and similar online identifiers.<\/li>\n<\/ul>\n<hr data-start=\"20724\" data-end=\"20727\" \/>\n<h2 data-section-id=\"12vd0s3\" data-start=\"20729\" data-end=\"20777\">5. Legal Grounds for Processing Personal Data<\/h2>\n<p data-start=\"20779\" data-end=\"20941\">Personal data obtained through cookies may be processed under Article 5 of the Turkish Personal Data Protection Law No. 6698 based on the following legal grounds:<\/p>\n<ul data-start=\"20943\" data-end=\"21308\">\n<li data-section-id=\"18e9nm9\" data-start=\"20943\" data-end=\"20972\">Explicitly provided by law,<\/li>\n<li data-section-id=\"1vxlbzn\" data-start=\"20973\" data-end=\"21036\">Necessary for the establishment or performance of a contract,<\/li>\n<li data-section-id=\"1qsoio5\" data-start=\"21037\" data-end=\"21087\">Necessary for compliance with legal obligations,<\/li>\n<li data-section-id=\"bdf2jw\" data-start=\"21088\" data-end=\"21158\">Necessary for the establishment, exercise, or protection of a right,<\/li>\n<li data-section-id=\"5er41e\" data-start=\"21159\" data-end=\"21267\">Legitimate interests of the data controller, provided that fundamental rights and freedoms are not harmed,<\/li>\n<li data-section-id=\"1h12fdz\" data-start=\"21268\" data-end=\"21308\">Your explicit consent, where required.<\/li>\n<\/ul>\n<p data-start=\"21310\" data-end=\"21507\">Strictly necessary cookies may be used based on technical necessity and legitimate interest. Analytics, advertising, and marketing cookies may be used based on your explicit consent where required.<\/p>\n<hr data-start=\"21509\" data-end=\"21512\" \/>\n<h2 data-section-id=\"fe0w1j\" data-start=\"21514\" data-end=\"21545\">6. Transfer of Personal Data<\/h2>\n<p data-start=\"21547\" data-end=\"21650\">OtoVade+ may share personal data collected through cookies, limited to the purposes stated above, with:<\/p>\n<ul data-start=\"21652\" data-end=\"21894\">\n<li data-section-id=\"9maizv\" data-start=\"21652\" data-end=\"21672\">Service providers,<\/li>\n<li data-section-id=\"1lw6ixo\" data-start=\"21673\" data-end=\"21710\">Advertising and marketing partners,<\/li>\n<li data-section-id=\"1wutgex\" data-start=\"21711\" data-end=\"21761\">Analytics and performance measurement providers,<\/li>\n<li data-section-id=\"1nlic9o\" data-start=\"21762\" data-end=\"21805\">CRM and digital infrastructure providers,<\/li>\n<li data-section-id=\"18a98dv\" data-start=\"21806\" data-end=\"21847\">Legally authorized public institutions,<\/li>\n<li data-section-id=\"h67qhq\" data-start=\"21848\" data-end=\"21894\">Legally authorized natural or legal persons.<\/li>\n<\/ul>\n<p data-start=\"21896\" data-end=\"22098\">Some service providers may store data on servers located outside Turkey. Therefore, your personal data may be transferred abroad in accordance with the conditions set forth under applicable legislation.<\/p>\n<hr data-start=\"22100\" data-end=\"22103\" \/>\n<h2 data-section-id=\"mhe2i2\" data-start=\"22105\" data-end=\"22138\">7. How Can You Manage Cookies?<\/h2>\n<p data-start=\"22140\" data-end=\"22268\">You can manage your cookie preferences through your browser settings. You may delete, block, or allow specific types of cookies.<\/p>\n<p data-start=\"22270\" data-end=\"22364\">However, disabling certain cookies may affect the proper functioning of some website features.<\/p>\n<hr data-start=\"22366\" data-end=\"22369\" \/>\n<h2 data-section-id=\"15hfi3y\" data-start=\"22371\" data-end=\"22406\">8. Your Rights as a Data Subject<\/h2>\n<p data-start=\"22408\" data-end=\"22502\">Under Article 11 of the Turkish Personal Data Protection Law, data subjects have the right to:<\/p>\n<ul data-start=\"22504\" data-end=\"23267\">\n<li data-section-id=\"aojtek\" data-start=\"22504\" data-end=\"22559\">Learn whether their personal data is being processed,<\/li>\n<li data-section-id=\"331lds\" data-start=\"22560\" data-end=\"22624\">Request information if their personal data has been processed,<\/li>\n<li data-section-id=\"1wfyomw\" data-start=\"22625\" data-end=\"22720\">Learn the purpose of processing and whether the data is used in accordance with that purpose,<\/li>\n<li data-section-id=\"vxdid3\" data-start=\"22721\" data-end=\"22806\">Know the third parties to whom personal data is transferred domestically or abroad,<\/li>\n<li data-section-id=\"ue9gao\" data-start=\"22807\" data-end=\"22870\">Request correction of incomplete or inaccurate personal data,<\/li>\n<li data-section-id=\"1dn7krs\" data-start=\"22871\" data-end=\"22945\">Request deletion or destruction of personal data under legal conditions,<\/li>\n<li data-section-id=\"1b12c9t\" data-start=\"22946\" data-end=\"23064\">Request notification of correction, deletion, or destruction to third parties to whom the data has been transferred,<\/li>\n<li data-section-id=\"2vnb9d\" data-start=\"23065\" data-end=\"23183\">Object to any result against them arising from the analysis of processed data exclusively through automated systems,<\/li>\n<li data-section-id=\"179jho2\" data-start=\"23184\" data-end=\"23267\">Claim compensation in case of damage due to unlawful processing of personal data.<\/li>\n<\/ul>\n<hr data-start=\"23269\" data-end=\"23272\" \/>\n<h2 data-section-id=\"hj9dz7\" data-start=\"23274\" data-end=\"23303\">9. Application and Contact<\/h2>\n<p data-start=\"23305\" data-end=\"23442\">You may submit your requests regarding your rights under the Turkish Personal Data Protection Law through the following contact channels:<\/p>\n<p data-start=\"23444\" data-end=\"23522\"><strong data-start=\"23444\" data-end=\"23461\">Company Name:<\/strong><br data-start=\"23461\" data-end=\"23464\" \/>OTOVADE PLUS OTOMOT\u0130V H\u0130ZMETLER\u0130 VE T\u0130CARET ANON\u0130M \u015e\u0130RKET\u0130<\/p>\n<p data-start=\"23524\" data-end=\"23545\"><strong data-start=\"23524\" data-end=\"23534\">Brand:<\/strong><br data-start=\"23534\" data-end=\"23537\" \/>OtoVade+<\/p>\n<p data-start=\"23547\" data-end=\"23579\"><strong data-start=\"23547\" data-end=\"23559\">Website:<\/strong><br data-start=\"23559\" data-end=\"23562\" \/>[<a class=\"decorated-link cursor-pointer\" target=\"_new\" rel=\"noopener\">www.otovadecar.com<\/a>]<\/p>\n<p data-start=\"23581\" data-end=\"23612\"><strong data-start=\"23581\" data-end=\"23591\">Email:<\/strong><br data-start=\"23591\" data-end=\"23594\" \/>[<a class=\"decorated-link cursor-pointer\" rel=\"noopener\">info@otovadecar.com<\/a>]<\/p>\n<p data-start=\"23614\" data-end=\"23667\"><strong data-start=\"23614\" data-end=\"23626\">Address:<\/strong><br data-start=\"23626\" data-end=\"23629\" \/><a tabindex=\"0\" href=\"https:\/\/www.google.com\/maps\/place\/\/data=!4m2!3m1!1s0x14caafe8649365d5:0x7d96ad917d79792?sa=X&amp;ved=1t:8290&amp;ictx=111\" data-url=\"\/maps\/place\/\/data=!4m2!3m1!1s0x14caafe8649365d5:0x7d96ad917d79792?sa=X&amp;ved=2ahUKEwiHu4inhKyUAxXUAtsEHUShJq0Q4kB6BAgIEAA\"><span dir=\"ltr\">park mavera, Kayaba\u015f\u0131, Adnan Menderes Bulvari D:1 etap A 04. blok NO.10AAB, 34480 Ba\u015fak\u015fehir\/\u0130stanbul<\/span><\/a><\/p>\n<p data-start=\"23669\" data-end=\"23801\">Your requests will be evaluated and concluded as soon as possible and no later than 30 days, depending on the nature of the request.<\/p>\n<hr data-start=\"23803\" data-end=\"23806\" \/>\n<h2 data-section-id=\"1fmfp2a\" data-start=\"23808\" data-end=\"23837\">10. Changes to This Policy<\/h2>\n<p data-start=\"23839\" data-end=\"23990\">OtoVade+ may update this Cookie Disclosure Text from time to time. The updated version becomes effective as of the date it is published on the website.<\/p>\n<p data-start=\"23992\" data-end=\"24075\" data-is-last-node=\"\" data-is-only-node=\"\">Therefore, we recommend that you review our Cookie and Privacy Policy periodically.<\/p>\n","protected":false},"excerpt":{"rendered":"<p>Privacy and Cookie Policy OTOVADE PLUS OTOMOT\u0130V H\u0130ZMETLER\u0130 VE T\u0130CARET ANON\u0130M \u015e\u0130RKET\u0130 Website Cookie Disclosure Text Last updated: [..\/..\/2026] As OTOVADE PLUS OTOMOT\u0130V H\u0130ZMETLER\u0130 VE T\u0130CARET ANON\u0130M \u015e\u0130RKET\u0130, operating under the OtoVade+ brand, we use cookies and similar technologies during your visits to our website in order to improve user experience, ensure the secure and [&hellip;]<\/p>\n","protected":false},"author":1,"featured_media":0,"parent":0,"menu_order":0,"comment_status":"closed","ping_status":"closed","template":"template-policy.php","meta":{"footnotes":""},"class_list":["post-535","page","type-page","status-publish","hentry"],"_links":{"self":[{"href":"https:\/\/www.otovadecar.com\/en\/wp-json\/wp\/v2\/pages\/535","targetHints":{"allow":["GET"]}}],"collection":[{"href":"https:\/\/www.otovadecar.com\/en\/wp-json\/wp\/v2\/pages"}],"about":[{"href":"https:\/\/www.otovadecar.com\/en\/wp-json\/wp\/v2\/types\/page"}],"author":[{"embeddable":true,"href":"https:\/\/www.otovadecar.com\/en\/wp-json\/wp\/v2\/users\/1"}],"replies":[{"embeddable":true,"href":"https:\/\/www.otovadecar.com\/en\/wp-json\/wp\/v2\/comments?post=535"}],"version-history":[{"count":4,"href":"https:\/\/www.otovadecar.com\/en\/wp-json\/wp\/v2\/pages\/535\/revisions"}],"predecessor-version":[{"id":18662,"href":"https:\/\/www.otovadecar.com\/en\/wp-json\/wp\/v2\/pages\/535\/revisions\/18662"}],"wp:attachment":[{"href":"https:\/\/www.otovadecar.com\/en\/wp-json\/wp\/v2\/media?parent=535"}],"curies":[{"name":"wp","href":"https:\/\/api.w.org\/{rel}","templated":true}]}}